{"id":499,"date":"2025-09-02T10:35:52","date_gmt":"2025-09-02T08:35:52","guid":{"rendered":"https:\/\/escuelabaleardelaespalda.es\/lebe\/"},"modified":"2026-02-23T13:30:55","modified_gmt":"2026-02-23T11:30:55","slug":"lebe","status":"publish","type":"page","link":"https:\/\/escuelabaleardelaespalda.es\/ca\/lebe\/","title":{"rendered":"L&#8217;EBE"},"content":{"rendered":"<p>[et_pb_section fb_built=&#8221;1&#8243; next_background_color=&#8221;#ffffff&#8221; _builder_version=&#8221;4.27.4&#8243; _module_preset=&#8221;default&#8221; background_color=&#8221;#3276b8&#8243; background_image=&#8221;https:\/\/escuelabaleardelaespalda.es\/wp-content\/uploads\/2025\/12\/844A3799-scaled.png&#8221; custom_padding=&#8221;103px||103px||true|&#8221; bottom_divider_style=&#8221;wave2&#8243; bottom_divider_height=&#8221;11px&#8221; global_colors_info=&#8221;{}&#8221;][et_pb_row _builder_version=&#8221;4.27.4&#8243; _module_preset=&#8221;default&#8221; max_width=&#8221;1260px&#8221; global_colors_info=&#8221;{}&#8221;][et_pb_column type=&#8221;4_4&#8243; _builder_version=&#8221;4.27.4&#8243; _module_preset=&#8221;default&#8221; global_colors_info=&#8221;{}&#8221;][et_pb_text _builder_version=&#8221;4.27.5&#8243; _module_preset=&#8221;default&#8221; header_font=&#8221;|600||on|||||&#8221; header_text_align=&#8221;left&#8221; header_text_color=&#8221;#3276B8&#8243; header_font_size=&#8221;77px&#8221; custom_margin=&#8221;||1px|||&#8221; custom_padding=&#8221;||0px|||&#8221; hover_enabled=&#8221;0&#8243; global_colors_info=&#8221;{}&#8221; sticky_enabled=&#8221;0&#8243;]<\/p>\n<h1>L&#8217;EBE <\/h1>\n<p>[\/et_pb_text][et_pb_text _builder_version=&#8221;4.27.5&#8243; _module_preset=&#8221;default&#8221; text_font=&#8221;||on||||||&#8221; text_text_color=&#8221;#2A2927&#8243; text_font_size=&#8221;19px&#8221; header_font_size=&#8221;32px&#8221; header_2_font_size=&#8221;22px&#8221; custom_margin=&#8221;||22px|||&#8221; global_colors_info=&#8221;{}&#8221;]<\/p>\n<h2>M\u00e9s de 30 anys innovant en la cura de l\u2019esquena<\/h2>\n<p>[\/et_pb_text][et_pb_button button_url=&#8221;&lt;!&#8211;&#91;CDATA&#91;https:\/\/escuelabaleardelaespalda.es\/contacto\/&#93;&#93;&#8211;&gt;&#8221; url_new_window=&#8221;on&#8221; button_text=&#8221;DEMANA LA TEVA CITA AQU\u00cd&#8221; _builder_version=&#8221;4.27.4&#8243; _module_preset=&#8221;default&#8221; custom_button=&#8221;on&#8221; button_text_size=&#8221;20px&#8221; button_text_color=&#8221;#FFFFFF&#8221; button_bg_color=&#8221;#3276B8&#8243; button_border_width=&#8221;0px&#8221; button_border_radius=&#8221;35px&#8221; button_font=&#8221;|600||on|||||&#8221; button_icon=&#8221;&#x35;||divi||400&#8243; global_colors_info=&#8221;{}&#8221;][\/et_pb_button][\/et_pb_column][\/et_pb_row][\/et_pb_section][et_pb_section fb_built=&#8221;1&#8243; next_background_color=&#8221;#3276B8&#8243; _builder_version=&#8221;4.27.4&#8243; _module_preset=&#8221;default&#8221; custom_padding=&#8221;32px||0px|||&#8221; bottom_divider_style=&#8221;curve2&#8243; bottom_divider_height=&#8221;30px&#8221; global_colors_info=&#8221;{}&#8221;][et_pb_row column_structure=&#8221;1_2,1_2&#8243; _builder_version=&#8221;4.27.4&#8243; _module_preset=&#8221;default&#8221; max_width=&#8221;1999px&#8221; custom_padding=&#8221;39px||64px|||&#8221; global_colors_info=&#8221;{}&#8221;][et_pb_column type=&#8221;1_2&#8243; _builder_version=&#8221;4.27.4&#8243; _module_preset=&#8221;default&#8221; global_colors_info=&#8221;{}&#8221;][et_pb_text _builder_version=&#8221;4.27.4&#8243; _module_preset=&#8221;default&#8221; text_font_size=&#8221;19px&#8221; custom_margin=&#8221;27px|||||&#8221; global_colors_info=&#8221;{}&#8221;]<\/p>\n<div>\n<p><span data-canva-clipboard=\"ewAiAGEAIgA6ADUALAAiAGgAIgA6ACIAdwB3AHcALgBjAGEAbgB2AGEALgBjAG8AbQAiACwAIgBjACIAOgAiAEQAQQBHAHgAegA2AE0AcgBnAEcAQQAiACwAIgBpACIAOgAiAHIAMgBpAEkASQBPAFcAcwBNAEkAbQB2AHQASwBXAGQAbQBJAGUARwBYAGcAIgAsACIAYgAiADoAMQA3ADUAOQAxADIAOAA3ADYAOAAyADQAMgAsACIAQQA\/ACIAOgAiAEUAIgAsACIAQQAiADoAewAiAEEAIgA6AFsAewAiAEEAIgA6AHsAIgBBAD8AIgA6ACIAQQAiACwAIgBBACIAOgAiAEQAZQBzAGQAZQAgAGwAbwBzACAAYQDxAG8AcwAgADkAMAAgAGwAYQAgAEUAcwBjAHUAZQBsAGEAIABCAGEAbABlAGEAcgAgAGQAZQAgAGwAYQAgAEUAcwBwAGEAbABkAGEAIABkAGEAIAB1AG4AIABnAGkAcgBvACAAYQBsACAAZQBuAGYAbwBxAHUAZQAgAGQAZQBsACAAbQBhAG4AZQBqAG8AIABkAGUAIABsAGEAcwAgAGQAbwBsAGUAbgBjAGkAYQBzACAAZABlACAAZQBzAHAAYQBsAGQAYQAgAHQAZQBuAGkAZQBuAGQAbwAgAGUAbgAgAGMAdQBlAG4AdABhACAAcwB1ACAAYwBhAHIA4QBjAHQAZQByACAAbQB1AGwAdABpAGYAYQBjAHQAbwByAGkAYQBsACwAIABoAGUAYwBoAG8AIABxAHUAZQAgAGwAbABlAHYAYQAgAGEAIABsAGEAIABjAHIAZQBhAGMAaQDzAG4AIABkAGUAIABlAHMAdAByAHUAYwB0AHUAcgBhAHMAIABkAGUAIAB0AHIAYQBiAGEAagBvACAAbQB1AGwAdABpAGQAaQBzAGMAaQBwAGwAaQBuAGEAcgBpAGEAcwAgACgAbQBlAGQAaQBjAGkAbgBhACAALwAgAGYAaQBzAGkAbwB0AGUAcgBhAHAAaQBhACAALwAgAGUAZAB1AGMAYQBjAGkA8wBuACAAZgDtAHMAaQBjAGEAKQAsACAAcABvAG4AaQBlAG4AZABvACAAZQBuACAAZQBzAHAAZQBjAGkAYQBsACAAdgBhAGwAbwByACAAbABhACAAdABlAHIAYQBwAGkAYQAgAGEAYwB0AGkAdgBhACAAcQB1AGUAIABwAG8AbgBlACAAYwBvAG0AbwAgAHAAcgBvAHQAYQBnAG8AbgBpAHMAdABhACAAYQBsACAAcABhAGMAaQBlAG4AdABlACAAZQBuACAAcwB1ACAAcAByAG8AYwBlAHMAbwAgAGQAZQAgAHIAZQBjAHUAcABlAHIAYQBjAGkA8wBuACAAeQAgAGwAZQAgAGQAYQAgAGwAYQBzACAAaABlAHIAcgBhAG0AaQBlAG4AdABhAHMAIAB5ACAAYwBvAG4AbwBjAGkAbQBpAGUAbgB0AG8AcwAgAG4AZQBjAGUAcwBhAHIAaQBvAHMAIABwAGEAcgBhACAAaABhAGMAZQByACAAdQBuAGEAIABiAHUAZQBuAGEAIABnAGUAcwB0AGkA8wBuACAAZABlACAAbABhACAAcwBhAGwAdQBkACAAZABlACAAcwB1ACAAZQBzAHAAYQBsAGQAYQAgAGQAZQAgAGYAbwByAG0AYQAgAHAAYQByAHQAaQBjAHUAbABhAHIALgAiAH0ALAAiAEIAIgA6AHsAIgBBACIAOgAiAFkAQQBGAGMAZgBoAGQATwBvAEcAawAsADAAIgAsACIAWgAiADoAIgB0AHIAYQBuAHMAcABhAHIAZQBuAHQAIgAsACIASQAiADoAIgAxAC4AMgAiACwAIgBBAD8AIgA6ACIAQgBfACIAfQB9AF0AfQB9AA==\"><\/span><\/p>\n<div>\n<p><span>Des dels anys 90, l\u2019Escola Balear de l\u2019Esquena fa un gir en l\u2019enfocament del tractament de les dol\u00e8ncies d\u2019esquena, tenint en compte el seu car\u00e0cter multifactorial, fet que dona lloc a la creaci\u00f3 d\u2019estructures de treball multidisciplin\u00e0ries (medicina \/ fisioter\u00e0pia \/ educaci\u00f3 f\u00edsica), posant un especial \u00e8mfasi en la ter\u00e0pia activa, que situa el pacient com a protagonista del seu proc\u00e9s de recuperaci\u00f3 i li proporciona les eines i els coneixements necessaris per fer una bona gesti\u00f3 de la salut de la seva esquena de manera individual.<\/span><\/p>\n<\/div>\n<\/div>\n<p>[\/et_pb_text][et_pb_button button_url=&#8221;&lt;!&#8211;&#91;CDATA&#91;https:\/\/escuelabaleardelaespalda.es\/nuestra-filosofia\/&#93;&#93;&#8211;&gt;&#8221; button_text=&#8221;La nostra filosofia&#8221; button_alignment=&#8221;left&#8221; _builder_version=&#8221;4.27.5&#8243; _module_preset=&#8221;default&#8221; custom_button=&#8221;on&#8221; button_text_size=&#8221;20px&#8221; button_text_color=&#8221;#FFFFFF&#8221; button_bg_color=&#8221;#3276B8&#8243; button_border_width=&#8221;0px&#8221; button_border_radius=&#8221;35px&#8221; button_font=&#8221;|600||on|||||&#8221; hover_enabled=&#8221;0&#8243; global_colors_info=&#8221;{}&#8221; sticky_enabled=&#8221;0&#8243;][\/et_pb_button][\/et_pb_column][et_pb_column type=&#8221;1_2&#8243; _builder_version=&#8221;4.27.4&#8243; _module_preset=&#8221;default&#8221; global_colors_info=&#8221;{}&#8221;][et_pb_image src=&#8221;https:\/\/escuelabaleardelaespalda.es\/wp-content\/uploads\/2025\/12\/844A3816-scaled.png&#8221; title_text=&#8221;Escuela-balear-de-la-espalda&#8221; _builder_version=&#8221;4.27.4&#8243; _module_preset=&#8221;default&#8221; border_radii=&#8221;on|38px|38px|38px|38px&#8221; border_color_all=&#8221;#3276B8&#8243; global_colors_info=&#8221;{}&#8221;][\/et_pb_image][\/et_pb_column][\/et_pb_row][\/et_pb_section][et_pb_section fb_built=&#8221;1&#8243; _builder_version=&#8221;4.27.4&#8243; _module_preset=&#8221;default&#8221; background_color=&#8221;#3276B8&#8243; custom_margin=&#8221;-7px|||||&#8221; custom_padding=&#8221;80px||80px||true|&#8221; top_divider_color=&#8221;#3276B8&#8243; top_divider_height=&#8221;19px&#8221; global_colors_info=&#8221;{}&#8221;][et_pb_row _builder_version=&#8221;4.27.4&#8243; _module_preset=&#8221;default&#8221; max_width=&#8221;1999px&#8221; custom_padding=&#8221;0px||0px|||&#8221; global_colors_info=&#8221;{}&#8221;][et_pb_column type=&#8221;4_4&#8243; _builder_version=&#8221;4.27.4&#8243; _module_preset=&#8221;default&#8221; global_colors_info=&#8221;{}&#8221;][et_pb_text quote_border_color=&#8221;#FFFFFF&#8221; _builder_version=&#8221;4.27.4&#8243; _module_preset=&#8221;default&#8221; text_text_color=&#8221;#FFFFFF&#8221; text_font_size=&#8221;19px&#8221; global_colors_info=&#8221;{}&#8221;]<\/p>\n<div>\n<p><span data-canva-clipboard=\"ewAiAGEAIgA6ADUALAAiAGgAIgA6ACIAdwB3AHcALgBjAGEAbgB2AGEALgBjAG8AbQAiACwAIgBjACIAOgAiAEQAQQBHAHgAegA2AE0AcgBnAEcAQQAiACwAIgBpACIAOgAiAHIAMgBpAEkASQBPAFcAcwBNAEkAbQB2AHQASwBXAGQAbQBJAGUARwBYAGcAIgAsACIAYgAiADoAMQA3ADUAOQAxADIAOAA3ADYAOAAyADQAMgAsACIAQQA\/ACIAOgAiAEUAIgAsACIAQQAiADoAewAiAEEAIgA6AFsAewAiAEEAIgA6AHsAIgBBAD8AIgA6ACIAQQAiACwAIgBBACIAOgAiAEEAYwB0AHUAYQBsAG0AZQBuAHQAZQAgAGUAbAAgAG4AaQB2AGUAbAAgAGQAZQAgAGMAbwBuAGMAcgBlAGMAaQDzAG4AIABkAGUAIABsAGEAcwAgAHQAYQByAGUAYQBzACAAaABhACAAbQBlAGoAbwByAGEAZABvACAAbQB1AGMAaABvACAAZQBuACAAcgBlAGwAYQBjAGkA8wBuACAAYQAgAGwAbwBzACAAZABpAHMAZQDxAG8AcwAgAG8AcgBpAGcAaQBuAGEAbABlAHMALAAgAG4AbwAgAHMAbwBsAG8AIABlAG4AIAByAGUAbABhAGMAaQDzAG4AIABhACAAbABvAHMAIABjAG8AbgB0AGUAbgBpAGQAbwBzACAAZABlACAAdAByAGEAYgBhAGoAbwAgAHMAaQBuAG8AIAB0AGEAbQBiAGkA6QBuACAAZQBuACAAbABhACAAZgBvAHIAbQBhACAAZABlACAAYQBwAGwAaQBjAGEAYwBpAPMAbgAgAHkAIABsAG8AcwAgAGMAcgBpAHQAZQByAGkAbwBzACAAZABlACAAbQBvAGQAaQBmAGkAYwBhAGMAaQBvAG4AZQBzACAAZQBzAHAAZQBjAO0AZgBpAGMAYQBzACAAcQB1AGUAIABwAGUAcgBtAGkAdABlAG4AIABsAGEAIABjAG8AcgByAGUAYwB0AGEAIABlAHYAbwBsAHUAYwBpAPMAbgAgAHAAYQByAGEAIABjAGEAZABhACAAYwBhAHMAbwAgAGUAbgAgAHAAYQByAHQAaQBjAHUAbABhAHIALgAgACIAfQAsACIAQgAiADoAewAiAEEAIgA6ACIAWQBBAEYAYwBmAGgAZABPAG8ARwBrACwAMAAiACwAIgBaACIAOgAiAHQAcgBhAG4AcwBwAGEAcgBlAG4AdAAiACwAIgBJACIAOgAiADEALgAyACIALAAiAEEAPwAiADoAIgBCAF8AIgB9AH0AXQB9AH0A\">Des dels or\u00edgens de l\u2019EBE ja es va establir l\u2019exercici com un pilar fonamental en el proc\u00e9s de recuperaci\u00f3, demostrant un gran rendiment en la millora de la salut de l\u2019esquena. El canvi m\u00e9s radical que hem fet en relaci\u00f3 amb l\u2019aplicaci\u00f3 de l\u2019exercici \u00e9s que actualment ja no \u00e9s el pacient qui s\u2019ha d\u2019adaptar a l\u2019exercici, sin\u00f3 tot el contrari: \u00e9s l\u2019exercici que s\u2019ha de modificar per poder aconseguir les millores esperades, respectant l\u2019estat del pacient en cada moment i la fase de la seva evoluci\u00f3.<\/span><\/p>\n<p><span data-canva-clipboard=\"ewAiAGEAIgA6ADUALAAiAGgAIgA6ACIAdwB3AHcALgBjAGEAbgB2AGEALgBjAG8AbQAiACwAIgBjACIAOgAiAEQAQQBHAHgAegA2AE0AcgBnAEcAQQAiACwAIgBpACIAOgAiAHIAMgBpAEkASQBPAFcAcwBNAEkAbQB2AHQASwBXAGQAbQBJAGUARwBYAGcAIgAsACIAYgAiADoAMQA3ADUAOQAxADIAOAA3ADYAOAAyADQAMgAsACIAQQA\/ACIAOgAiAEUAIgAsACIAQQAiADoAewAiAEEAIgA6AFsAewAiAEEAIgA6AHsAIgBBAD8AIgA6ACIAQQAiACwAIgBBACIAOgAiAEEAYwB0AHUAYQBsAG0AZQBuAHQAZQAgAGUAbAAgAG4AaQB2AGUAbAAgAGQAZQAgAGMAbwBuAGMAcgBlAGMAaQDzAG4AIABkAGUAIABsAGEAcwAgAHQAYQByAGUAYQBzACAAaABhACAAbQBlAGoAbwByAGEAZABvACAAbQB1AGMAaABvACAAZQBuACAAcgBlAGwAYQBjAGkA8wBuACAAYQAgAGwAbwBzACAAZABpAHMAZQDxAG8AcwAgAG8AcgBpAGcAaQBuAGEAbABlAHMALAAgAG4AbwAgAHMAbwBsAG8AIABlAG4AIAByAGUAbABhAGMAaQDzAG4AIABhACAAbABvAHMAIABjAG8AbgB0AGUAbgBpAGQAbwBzACAAZABlACAAdAByAGEAYgBhAGoAbwAgAHMAaQBuAG8AIAB0AGEAbQBiAGkA6QBuACAAZQBuACAAbABhACAAZgBvAHIAbQBhACAAZABlACAAYQBwAGwAaQBjAGEAYwBpAPMAbgAgAHkAIABsAG8AcwAgAGMAcgBpAHQAZQByAGkAbwBzACAAZABlACAAbQBvAGQAaQBmAGkAYwBhAGMAaQBvAG4AZQBzACAAZQBzAHAAZQBjAO0AZgBpAGMAYQBzACAAcQB1AGUAIABwAGUAcgBtAGkAdABlAG4AIABsAGEAIABjAG8AcgByAGUAYwB0AGEAIABlAHYAbwBsAHUAYwBpAPMAbgAgAHAAYQByAGEAIABjAGEAZABhACAAYwBhAHMAbwAgAGUAbgAgAHAAYQByAHQAaQBjAHUAbABhAHIALgAgACIAfQAsACIAQgAiADoAewAiAEEAIgA6ACIAWQBBAEYAYwBmAGgAZABPAG8ARwBrACwAMAAiACwAIgBaACIAOgAiAHQAcgBhAG4AcwBwAGEAcgBlAG4AdAAiACwAIgBJACIAOgAiADEALgAyACIALAAiAEEAPwAiADoAIgBCAF8AIgB9AH0AXQB9AH0A\"><\/span><\/p>\n<div>\n<blockquote>\n<p><span>El canvi m\u00e9s radical que hem fet en relaci\u00f3 amb l\u2019aplicaci\u00f3 de l\u2019exercici \u00e9s que actualment ja no \u00e9s el pacient qui s\u2019ha d\u2019adaptar a l\u2019exercici, sin\u00f3 tot el contrari: \u00e9s l\u2019exercici que s\u2019ha d\u2019adaptar per aconseguir les millores esperades, respectant en cada moment l\u2019estat del pacient i la fase de la seva evoluci\u00f3. <\/span><\/p>\n<\/blockquote>\n<\/div>\n<\/div>\n<p>[\/et_pb_text][et_pb_button button_url=&#8221;&lt;!&#8211;&#91;CDATA&#91;https:\/\/escuelabaleardelaespalda.es\/contacto\/&#93;&#93;&#8211;&gt;&#8221; button_text=&#8221;CONTACTA AMB NOSALTRES&#8221; button_alignment=&#8221;center&#8221; _builder_version=&#8221;4.27.4&#8243; _module_preset=&#8221;default&#8221; custom_button=&#8221;on&#8221; button_text_size=&#8221;20px&#8221; button_text_color=&#8221;#3276B8&#8243; button_bg_color=&#8221;#FFFFFF&#8221; button_border_width=&#8221;0px&#8221; button_border_radius=&#8221;35px&#8221; button_font=&#8221;|600||on|||||&#8221; button_icon=&#8221;&#x35;||divi||400&#8243; global_colors_info=&#8221;{}&#8221;][\/et_pb_button][\/et_pb_column][\/et_pb_row][\/et_pb_section]<\/p>\n","protected":false},"excerpt":{"rendered":"<p>L&#8217;EBE M\u00e9s de 30 anys innovant en la cura de l\u2019esquena Des dels anys 90, l\u2019Escola Balear de l\u2019Esquena fa un gir en l\u2019enfocament del tractament de les dol\u00e8ncies d\u2019esquena, tenint en compte el seu car\u00e0cter multifactorial, fet que dona lloc a la creaci\u00f3 d\u2019estructures de treball multidisciplin\u00e0ries (medicina \/ fisioter\u00e0pia \/ educaci\u00f3 f\u00edsica), posant [&hellip;]<\/p>\n","protected":false},"author":1,"featured_media":493,"parent":0,"menu_order":0,"comment_status":"closed","ping_status":"closed","template":"","meta":{"_et_pb_use_builder":"on","_et_pb_old_content":"","_et_gb_content_width":"","footnotes":""},"class_list":["post-499","page","type-page","status-publish","has-post-thumbnail","hentry"],"aioseo_notices":[],"_links":{"self":[{"href":"https:\/\/escuelabaleardelaespalda.es\/ca\/wp-json\/wp\/v2\/pages\/499","targetHints":{"allow":["GET"]}}],"collection":[{"href":"https:\/\/escuelabaleardelaespalda.es\/ca\/wp-json\/wp\/v2\/pages"}],"about":[{"href":"https:\/\/escuelabaleardelaespalda.es\/ca\/wp-json\/wp\/v2\/types\/page"}],"author":[{"embeddable":true,"href":"https:\/\/escuelabaleardelaespalda.es\/ca\/wp-json\/wp\/v2\/users\/1"}],"replies":[{"embeddable":true,"href":"https:\/\/escuelabaleardelaespalda.es\/ca\/wp-json\/wp\/v2\/comments?post=499"}],"version-history":[{"count":2,"href":"https:\/\/escuelabaleardelaespalda.es\/ca\/wp-json\/wp\/v2\/pages\/499\/revisions"}],"predecessor-version":[{"id":501,"href":"https:\/\/escuelabaleardelaespalda.es\/ca\/wp-json\/wp\/v2\/pages\/499\/revisions\/501"}],"wp:featuredmedia":[{"embeddable":true,"href":"https:\/\/escuelabaleardelaespalda.es\/ca\/wp-json\/wp\/v2\/media\/493"}],"wp:attachment":[{"href":"https:\/\/escuelabaleardelaespalda.es\/ca\/wp-json\/wp\/v2\/media?parent=499"}],"curies":[{"name":"wp","href":"https:\/\/api.w.org\/{rel}","templated":true}]}}