{"id":503,"date":"2025-09-02T10:35:36","date_gmt":"2025-09-02T08:35:36","guid":{"rendered":"https:\/\/escuelabaleardelaespalda.es\/la-nostra-filosofia\/"},"modified":"2026-02-23T13:38:14","modified_gmt":"2026-02-23T11:38:14","slug":"la-nostra-filosofia","status":"publish","type":"page","link":"https:\/\/escuelabaleardelaespalda.es\/ca\/la-nostra-filosofia\/","title":{"rendered":"La nostra filosofia"},"content":{"rendered":"<p>[et_pb_section fb_built=&#8221;1&#8243; _builder_version=&#8221;4.27.4&#8243; _module_preset=&#8221;default&#8221; background_color=&#8221;#3276B8&#8243; custom_padding=&#8221;39px||39px||true|&#8221; global_colors_info=&#8221;{}&#8221;][et_pb_row _builder_version=&#8221;4.27.4&#8243; _module_preset=&#8221;default&#8221; global_colors_info=&#8221;{}&#8221;][et_pb_column type=&#8221;4_4&#8243; _builder_version=&#8221;4.27.4&#8243; _module_preset=&#8221;default&#8221; global_colors_info=&#8221;{}&#8221;][et_pb_text _builder_version=&#8221;4.27.5&#8243; _module_preset=&#8221;default&#8221; header_font=&#8221;|600||on|||||&#8221; header_text_color=&#8221;#FFFFFF&#8221; header_font_size=&#8221;48px&#8221; global_colors_info=&#8221;{}&#8221;]<\/p>\n<h1>La nostra filosofia<\/h1>\n<p>[\/et_pb_text][et_pb_text _builder_version=&#8221;4.27.4&#8243; _module_preset=&#8221;default&#8221; text_font=&#8221;||on||||||&#8221; text_text_color=&#8221;#FFFFFF&#8221; text_font_size=&#8221;21px&#8221; custom_margin=&#8221;-28px|||||&#8221; global_colors_info=&#8221;{}&#8221;]<\/p>\n<p>Perqu\u00e8 cada esquena \u00e9s \u00fanica, i cada recuperaci\u00f3 tamb\u00e9.<\/p>\n<p>[\/et_pb_text][\/et_pb_column][\/et_pb_row][et_pb_row _builder_version=&#8221;4.27.4&#8243; _module_preset=&#8221;default&#8221; custom_padding=&#8221;0px|||||&#8221; global_colors_info=&#8221;{}&#8221;][et_pb_column type=&#8221;4_4&#8243; _builder_version=&#8221;4.27.4&#8243; _module_preset=&#8221;default&#8221; global_colors_info=&#8221;{}&#8221;][et_pb_button button_text=&#8221;DEMANA CITA AMB EBE&#8221; _builder_version=&#8221;4.27.4&#8243; _module_preset=&#8221;default&#8221; custom_button=&#8221;on&#8221; button_text_size=&#8221;20px&#8221; button_text_color=&#8221;#3276B8&#8243; button_bg_color=&#8221;#FFFFFF&#8221; button_border_width=&#8221;0px&#8221; button_border_radius=&#8221;35px&#8221; button_font=&#8221;|600|||||||&#8221; global_colors_info=&#8221;{}&#8221;][\/et_pb_button][\/et_pb_column][\/et_pb_row][\/et_pb_section][et_pb_section fb_built=&#8221;1&#8243; next_background_color=&#8221;#3276B8&#8243; _builder_version=&#8221;4.27.4&#8243; _module_preset=&#8221;default&#8221; custom_padding=&#8221;16px|||||&#8221; bottom_divider_style=&#8221;asymmetric4&#8243; bottom_divider_height=&#8221;24px&#8221; global_colors_info=&#8221;{}&#8221;][et_pb_row _builder_version=&#8221;4.27.4&#8243; _module_preset=&#8221;default&#8221; max_width=&#8221;1999px&#8221; global_colors_info=&#8221;{}&#8221;][et_pb_column type=&#8221;4_4&#8243; _builder_version=&#8221;4.27.4&#8243; _module_preset=&#8221;default&#8221; global_colors_info=&#8221;{}&#8221;][et_pb_text _builder_version=&#8221;4.27.4&#8243; _module_preset=&#8221;default&#8221; global_colors_info=&#8221;{}&#8221;]<\/p>\n<div>\n<p><span data-canva-clipboard=\"ewAiAGEAIgA6ADUALAAiAGgAIgA6ACIAdwB3AHcALgBjAGEAbgB2AGEALgBjAG8AbQAiACwAIgBjACIAOgAiAEQAQQBHAHgAegA2AE0AcgBnAEcAQQAiACwAIgBpACIAOgAiAHIAMgBpAEkASQBPAFcAcwBNAEkAbQB2AHQASwBXAGQAbQBJAGUARwBYAGcAIgAsACIAYgAiADoAMQA3ADUAOQAzADgANwA2ADMAMgAwADcAMQAsACIAQQA\/ACIAOgAiAEUAIgAsACIAQQAiADoAewAiAEEAIgA6AFsAewAiAEEAIgA6AHsAIgBBAD8AIgA6ACIAQQAiACwAIgBBACIAOgAiAEwAYQAgAEUAQgBFACAAZQBzACAAdQBuAGEAIABpAG4AcwB0AGkAdAB1AGMAaQDzAG4AIABxAHUAZQAgAHMAZQAgAGQAZQBkAGkAYwBhACAAYQBsACAAZABpAHMAZQDxAG8AIABkAGUAIABwAHIAbwBnAHIAYQBtAGEAcwAgAGQAZQAgAGUAagBlAHIAYwBpAGMAaQBvACAAcABhAHIAYQAgAHAAYQB0AG8AbABvAGcA7QBhAHMAIAAgAGQAZQAgAGwAYQAgAGUAcwBwAGEAbABkAGEAIAB5ACAAZQBsACAAbQBhAG4AZQBqAG8AIABkAGUAIABsAG8AcwAgAHMA7QBuAGQAcgBvAG0AZQBzACAAbQBlAGMA4QBuAGkAYwBvAHMAIABkAGUAbAAgAHIAYQBxAHUAaQBzACAAKABTAE0AUgApACAAYQBkAGUAbQDhAHMAIABkAGUAIABvAHQAcgBhAHMAIABwAGEAdABvAGwAbwBnAO0AYQBzACAAYQBzAG8AYwBpAGEAZABhAHMALgAgACIAfQAsACIAQgAiADoAewAiAEEAIgA6ACIAWQBBAEYAYwBmAGgAZABPAG8ARwBrACwAMAAiACwAIgBaACIAOgAiAHQAcgBhAG4AcwBwAGEAcgBlAG4AdAAiACwAIgBJACIAOgAiADEALgAyACIALAAiAEEAPwAiADoAIgBCAF8AIgB9AH0ALAB7ACIAQQAiADoAewAiAEEAPwAiADoAIgBBACIALAAiAEEAIgA6ACIAXABuAFwAbgAiAH0ALAAiAEMAIgA6AHsAIgBBACIAOgB0AHIAdQBlACwAIgBaACIAOgB0AHIAdQBlACwAIgBBAD8AIgA6ACIAQgBfACIAfQB9ACwAewAiAEEAIgA6AHsAIgBBAD8AIgA6ACIAQQAiACwAIgBBACIAOgAiAEwAbwBzACAAcAByAG8AZwByAGEAbQBhAHMAIABkAGUAIABsAGEAIABFAHMAYwB1AGUAbABhACAAQgBhAGwAZQBhAHIAIABkAGUAIABsAGEAIABFAHMAcABhAGwAZABhACAAZQBzAHQA4QBuACAAZQBuACAAYwBvAG4AcwB0AGEAbgB0AGUAIABlAHYAbwBsAHUAYwBpAPMAbgAgAGEAZABhAHAAdADhAG4AZABvAHMAZQAgAGEAIABsAGEAcwAgAGUAcwBwAGUAYwBpAGYAaQBjAGEAYwBpAG8AbgBlAHMAIABxAHUAZQAgAGwAYQAgAGkAbgB2AGUAcwB0AGkAZwBhAGMAaQDzAG4AIABjAGkAZQBuAHQA7QBmAGkAYwBhACAAdgBhACAAZABlAHMAdgBlAGwAYQBuAGQAbwAuACAAIgB9ACwAIgBCACIAOgB7ACIAQQAiADoAIgBZAEEARgBjAGYAaABkAE8AbwBHAGsALAAwACIALAAiAFoAIgA6ACIAdAByAGEAbgBzAHAAYQByAGUAbgB0ACIALAAiAEEAPwAiADoAIgBCAF8AIgB9AH0AXQB9AH0A\"><\/span><\/p>\n<div>\n<p><span>L\u2019EBE \u00e9s una instituci\u00f3 que es dedica al disseny de programes d\u2019exercici per a patologies de l\u2019esquena i al maneig dels s\u00edndromes mec\u00e0nics del raquis (SMR), a m\u00e9s d\u2019altres patologies associades.<\/span><\/p>\n<p><span><\/span><\/p>\n<\/div>\n<div>\n<p><span>Els programes de l\u2019Escola Balear de l\u2019Esquena estan en constant evoluci\u00f3 i s\u2019adapten a les especificacions que la recerca cient\u00edfica va desvetllant. <\/span><\/p>\n<\/div>\n<\/div>\n<p>[\/et_pb_text][\/et_pb_column][\/et_pb_row][et_pb_row _builder_version=&#8221;4.27.4&#8243; _module_preset=&#8221;default&#8221; global_colors_info=&#8221;{}&#8221;][et_pb_column type=&#8221;4_4&#8243; _builder_version=&#8221;4.27.4&#8243; _module_preset=&#8221;default&#8221; global_colors_info=&#8221;{}&#8221;][et_pb_text _builder_version=&#8221;4.27.5&#8243; _module_preset=&#8221;default&#8221; header_2_font=&#8221;|700||on|||||&#8221; header_2_text_align=&#8221;center&#8221; header_2_text_color=&#8221;#3276B8&#8243; header_2_font_size=&#8221;28px&#8221; global_colors_info=&#8221;{}&#8221;]<\/p>\n<h2>ELS PILARS FONAMENTALS DELS NOSTRES MODELS DE TREBALL<\/h2>\n<p>[\/et_pb_text][\/et_pb_column][\/et_pb_row][et_pb_row column_structure=&#8221;1_5,1_5,1_5,1_5,1_5&#8243; _builder_version=&#8221;4.27.4&#8243; _module_preset=&#8221;default&#8221; max_width=&#8221;1999px&#8221; custom_margin=&#8221;21px|auto||auto||&#8221; global_colors_info=&#8221;{}&#8221;][et_pb_column type=&#8221;1_5&#8243; _builder_version=&#8221;4.27.4&#8243; _module_preset=&#8221;default&#8221; global_colors_info=&#8221;{}&#8221;][et_pb_blurb use_icon=&#8221;on&#8221; font_icon=&#8221;&#xe00a;||divi||400&#8243; _builder_version=&#8221;4.27.4&#8243; _module_preset=&#8221;default&#8221; body_font=&#8221;|600|||||||&#8221; body_text_align=&#8221;center&#8221; body_text_color=&#8221;#2A2927&#8243; body_font_size=&#8221;18px&#8221; global_colors_info=&#8221;{}&#8221;]<\/p>\n<p>Evid\u00e8ncia cient\u00edfica<\/p>\n<p>[\/et_pb_blurb][\/et_pb_column][et_pb_column type=&#8221;1_5&#8243; _builder_version=&#8221;4.27.4&#8243; _module_preset=&#8221;default&#8221; global_colors_info=&#8221;{}&#8221;][et_pb_blurb use_icon=&#8221;on&#8221; font_icon=&#8221;&#x69;||divi||400&#8243; _builder_version=&#8221;4.27.4&#8243; _module_preset=&#8221;default&#8221; body_font=&#8221;|600|||||||&#8221; body_text_align=&#8221;center&#8221; body_text_color=&#8221;#2A2927&#8243; body_font_size=&#8221;18px&#8221; global_colors_info=&#8221;{}&#8221;]<\/p>\n<div>\n<p><span data-canva-clipboard=\"ewAiAGEAIgA6ADUALAAiAGgAIgA6ACIAdwB3AHcALgBjAGEAbgB2AGEALgBjAG8AbQAiACwAIgBjACIAOgAiAEQAQQBHAHgAegA2AE0AcgBnAEcAQQAiACwAIgBpACIAOgAiAHIAMgBpAEkASQBPAFcAcwBNAEkAbQB2AHQASwBXAGQAbQBJAGUARwBYAGcAIgAsACIAYgAiADoAMQA3ADUAOQAzADgANwA2ADMAMgAwADcAMQAsACIAQQA\/ACIAOgAiAEUAIgAsACIAQQAiADoAewAiAEEAIgA6AFsAewAiAEEAIgA6AHsAIgBBAD8AIgA6ACIAQQAiACwAIgBBACIAOgAiAC0ARQB2AGEAbAB1AGEAYwBpAPMAbgAgAHkAIABzAGUAZwB1AGkAbQBpAGUAbgB0AG8AIABkAGUAIABsAGEAIABlAGYAaQBjAGEAYwBpAGEAIABkAGUAIABsAG8AcwAgAHAAcgBvAGcAcgBhAG0AYQBzAC4AIgB9ACwAIgBCACIAOgB7ACIAQQAiADoAIgBZAEEARgBjAGYAaABkAE8AbwBHAGsALAAwACIALAAiAFoAIgA6ACIAdAByAGEAbgBzAHAAYQByAGUAbgB0ACIALAAiAEkAIgA6ACIAMQAuADIAIgAsACIAQQA\/ACIAOgAiAEIAXwAiAH0AfQBdAH0AfQA=\"><\/span><\/p>\n<div>\n<p><span>Avaluaci\u00f3 i seguiment de l\u2019efic\u00e0cia dels programes.<\/span><\/p>\n<\/div>\n<\/div>\n<p>[\/et_pb_blurb][\/et_pb_column][et_pb_column type=&#8221;1_5&#8243; _builder_version=&#8221;4.27.4&#8243; _module_preset=&#8221;default&#8221; global_colors_info=&#8221;{}&#8221;][et_pb_blurb use_icon=&#8221;on&#8221; font_icon=&#8221;&#xf303;||fa||900&#8243; _builder_version=&#8221;4.27.4&#8243; _module_preset=&#8221;default&#8221; body_font=&#8221;|600|||||||&#8221; body_text_align=&#8221;center&#8221; body_text_color=&#8221;#2A2927&#8243; body_font_size=&#8221;18px&#8221; global_colors_info=&#8221;{}&#8221;]<\/p>\n<div>\n<p><span data-canva-clipboard=\"ewAiAGEAIgA6ADUALAAiAGgAIgA6ACIAdwB3AHcALgBjAGEAbgB2AGEALgBjAG8AbQAiACwAIgBjACIAOgAiAEQAQQBHAHgAegA2AE0AcgBnAEcAQQAiACwAIgBpACIAOgAiAHIAMgBpAEkASQBPAFcAcwBNAEkAbQB2AHQASwBXAGQAbQBJAGUARwBYAGcAIgAsACIAYgAiADoAMQA3ADUAOQAzADgANwA2ADMAMgAwADcAMQAsACIAQQA\/ACIAOgAiAEUAIgAsACIAQQAiADoAewAiAEEAIgA6AFsAewAiAEEAIgA6AHsAIgBBAD8AIgA6ACIAQQAiACwAIgBBACIAOgAiAC0ARgBvAHIAbQBhAGMAaQDzAG4AIABjAG8AbgB0AGkAbgB1AGEAZABhACAAZABlACAAbABvAHMAIAB0AOkAYwBuAGkAYwBvAHMALgAiAH0ALAAiAEIAIgA6AHsAIgBBACIAOgAiAFkAQQBGAGMAZgBoAGQATwBvAEcAawAsADAAIgAsACIAWgAiADoAIgB0AHIAYQBuAHMAcABhAHIAZQBuAHQAIgAsACIASQAiADoAIgAxAC4AMgAiACwAIgBBAD8AIgA6ACIAQgBfACIAfQB9AF0AfQB9AA==\"><\/span><\/p>\n<div>\n<p><span>Formaci\u00f3 continuada dels t\u00e8cnics.<\/span><\/p>\n<\/div>\n<\/div>\n<p>[\/et_pb_blurb][\/et_pb_column][et_pb_column type=&#8221;1_5&#8243; _builder_version=&#8221;4.27.4&#8243; _module_preset=&#8221;default&#8221; global_colors_info=&#8221;{}&#8221;][et_pb_blurb use_icon=&#8221;on&#8221; font_icon=&#8221;&#xf406;||fa||900&#8243; _builder_version=&#8221;4.27.4&#8243; _module_preset=&#8221;default&#8221; body_font=&#8221;|600|||||||&#8221; body_text_align=&#8221;center&#8221; body_text_color=&#8221;#2A2927&#8243; body_font_size=&#8221;18px&#8221; global_colors_info=&#8221;{}&#8221;]<\/p>\n<div>\n<p><span data-canva-clipboard=\"ewAiAGEAIgA6ADUALAAiAGgAIgA6ACIAdwB3AHcALgBjAGEAbgB2AGEALgBjAG8AbQAiACwAIgBjACIAOgAiAEQAQQBHAHgAegA2AE0AcgBnAEcAQQAiACwAIgBpACIAOgAiAHIAMgBpAEkASQBPAFcAcwBNAEkAbQB2AHQASwBXAGQAbQBJAGUARwBYAGcAIgAsACIAYgAiADoAMQA3ADUAOQAzADgANwA2ADMAMgAwADcAMQAsACIAQQA\/ACIAOgAiAEUAIgAsACIAQQAiADoAewAiAEEAIgA6AFsAewAiAEEAIgA6AHsAIgBBAD8AIgA6ACIAQQAiACwAIgBBACIAOgAiAEEAZABhAHAAdABhAGMAaQDzAG4AIABpAG4AZABpAHYAaQBkAHUAYQBsAGkAegBhAGQAYQAgAGQAZQAgAGwAbwBzACAAcAByAG8AZwByAGEAbQBhAHMAIABhACAAYwBhAGQAYQAgAHAAYQBjAGkAZQBuAHQAZQAgAGUAbgAgAHAAYQByAHQAaQBjAHUAbABhAHIALgAiAH0ALAAiAEIAIgA6AHsAIgBBACIAOgAiAFkAQQBGAGMAZgBoAGQATwBvAEcAawAsADAAIgAsACIAWgAiADoAIgB0AHIAYQBuAHMAcABhAHIAZQBuAHQAIgAsACIASQAiADoAIgAxAC4AMgAiACwAIgBBAD8AIgA6ACIAQgBfACIAfQB9AF0AfQB9AA==\"><\/span><\/p>\n<div>\n<p><span>Adaptaci\u00f3 individualitzada dels programes a cada pacient en particular.<\/span><\/p>\n<\/div>\n<\/div>\n<p>[\/et_pb_blurb][\/et_pb_column][et_pb_column type=&#8221;1_5&#8243; _builder_version=&#8221;4.27.4&#8243; _module_preset=&#8221;default&#8221; global_colors_info=&#8221;{}&#8221;][et_pb_blurb use_icon=&#8221;on&#8221; font_icon=&#8221;&#xf554;||fa||900&#8243; _builder_version=&#8221;4.27.4&#8243; _module_preset=&#8221;default&#8221; body_font=&#8221;|600|||||||&#8221; body_text_align=&#8221;center&#8221; body_text_color=&#8221;#2A2927&#8243; body_font_size=&#8221;18px&#8221; global_colors_info=&#8221;{}&#8221;]<\/p>\n<div>\n<p><span data-canva-clipboard=\"ewAiAGEAIgA6ADUALAAiAGgAIgA6ACIAdwB3AHcALgBjAGEAbgB2AGEALgBjAG8AbQAiACwAIgBjACIAOgAiAEQAQQBHAHgAegA2AE0AcgBnAEcAQQAiACwAIgBpACIAOgAiAHIAMgBpAEkASQBPAFcAcwBNAEkAbQB2AHQASwBXAGQAbQBJAGUARwBYAGcAIgAsACIAYgAiADoAMQA3ADUAOQAzADgANwA2ADMAMgAwADcAMQAsACIAQQA\/ACIAOgAiAEUAIgAsACIAQQAiADoAewAiAEEAIgA6AFsAewAiAEEAIgA6AHsAIgBBAD8AIgA6ACIAQQAiACwAIgBBACIAOgAiAEYAbwByAG0AYQBjAGkA8wBuACAAZABlAGwAIABwAGEAYwBpAGUAbgB0AGUAIABlAG4AIAByAGUAbABhAGMAaQDzAG4AIABhACAAcwB1ACAAZABvAGwAZQBuAGMAaQBhACAAeQAgAGUAbgAgAGUAbAAgAG0AYQBuAGUAagBvACAAcwBhAGwAdQBkAGEAYgBsAGUAIABkAGUAIABzAHUAIABlAHMAcABhAGwAZABhAC4AIgB9ACwAIgBCACIAOgB7ACIAQQAiADoAIgBZAEEARgBjAGYAaABkAE8AbwBHAGsALAAwACIALAAiAFoAIgA6ACIAdAByAGEAbgBzAHAAYQByAGUAbgB0ACIALAAiAEkAIgA6ACIAMQAuADIAIgAsACIAQQA\/ACIAOgAiAEIAXwAiAH0AfQBdAH0AfQA=\"><\/span><\/p>\n<div>\n<p><span>Formaci\u00f3 del pacient en relaci\u00f3 amb la seva dol\u00e8ncia i en la gesti\u00f3 saludable de la seva esquena.<\/span><\/p>\n<\/div>\n<\/div>\n<p><span data-canva-clipboard=\"ewAiAGEAIgA6ADUALAAiAGgAIgA6ACIAdwB3AHcALgBjAGEAbgB2AGEALgBjAG8AbQAiACwAIgBjACIAOgAiAEQAQQBHAHgAegA2AE0AcgBnAEcAQQAiACwAIgBpACIAOgAiAHIAMgBpAEkASQBPAFcAcwBNAEkAbQB2AHQASwBXAGQAbQBJAGUARwBYAGcAIgAsACIAYgAiADoAMQA3ADUAOQAzADgANwA2ADMAMgAwADcAMQAsACIAQQA\/ACIAOgAiAEUAIgAsACIAQQAiADoAewAiAEEAIgA6AFsAewAiAEEAIgA6AHsAIgBBAD8AIgA6ACIAQQAiACwAIgBBACIAOgAiAEEAZABhAHAAdABhAGMAaQDzAG4AIABpAG4AZABpAHYAaQBkAHUAYQBsAGkAegBhAGQAYQAgAGQAZQAgAGwAbwBzACAAcAByAG8AZwByAGEAbQBhAHMAIABhACAAYwBhAGQAYQAgAHAAYQBjAGkAZQBuAHQAZQAgAGUAbgAgAHAAYQByAHQAaQBjAHUAbABhAHIALgAiAH0ALAAiAEIAIgA6AHsAIgBBACIAOgAiAFkAQQBGAGMAZgBoAGQATwBvAEcAawAsADAAIgAsACIAWgAiADoAIgB0AHIAYQBuAHMAcABhAHIAZQBuAHQAIgAsACIASQAiADoAIgAxAC4AMgAiACwAIgBBAD8AIgA6ACIAQgBfACIAfQB9AF0AfQB9AA==\"><\/span><\/p>\n<p>[\/et_pb_blurb][\/et_pb_column][\/et_pb_row][et_pb_row _builder_version=&#8221;4.27.4&#8243; _module_preset=&#8221;default&#8221; global_colors_info=&#8221;{}&#8221;][et_pb_column type=&#8221;4_4&#8243; _builder_version=&#8221;4.27.4&#8243; _module_preset=&#8221;default&#8221; global_colors_info=&#8221;{}&#8221;][et_pb_button button_text=&#8221;CONEIX COM TREBALLAM&#8221; button_alignment=&#8221;center&#8221; _builder_version=&#8221;4.27.4&#8243; _module_preset=&#8221;default&#8221; custom_button=&#8221;on&#8221; button_text_size=&#8221;20px&#8221; button_text_color=&#8221;#FFFFFF&#8221; button_bg_color=&#8221;#3276B8&#8243; button_border_width=&#8221;0px&#8221; button_border_radius=&#8221;35px&#8221; button_font=&#8221;|600||on|||||&#8221; global_colors_info=&#8221;{}&#8221;][\/et_pb_button][\/et_pb_column][\/et_pb_row][\/et_pb_section][et_pb_section fb_built=&#8221;1&#8243; _builder_version=&#8221;4.27.4&#8243; _module_preset=&#8221;default&#8221; background_color=&#8221;#3276B8&#8243; global_colors_info=&#8221;{}&#8221;][et_pb_row _builder_version=&#8221;4.27.4&#8243; _module_preset=&#8221;default&#8221; max_width=&#8221;1999px&#8221; global_colors_info=&#8221;{}&#8221;][et_pb_column type=&#8221;4_4&#8243; _builder_version=&#8221;4.27.4&#8243; _module_preset=&#8221;default&#8221; global_colors_info=&#8221;{}&#8221;][et_pb_text quote_border_color=&#8221;#FFFFFF&#8221; _builder_version=&#8221;4.27.4&#8243; _module_preset=&#8221;default&#8221; text_text_color=&#8221;#FFFFFF&#8221; text_font_size=&#8221;19px&#8221; quote_text_color=&#8221;#FFFFFF&#8221; global_colors_info=&#8221;{}&#8221;]<\/p>\n<div>\n<p><span data-canva-clipboard=\"ewAiAGEAIgA6ADUALAAiAGgAIgA6ACIAdwB3AHcALgBjAGEAbgB2AGEALgBjAG8AbQAiACwAIgBjACIAOgAiAEQAQQBHAHgAegA2AE0AcgBnAEcAQQAiACwAIgBpACIAOgAiAHIAMgBpAEkASQBPAFcAcwBNAEkAbQB2AHQASwBXAGQAbQBJAGUARwBYAGcAIgAsACIAYgAiADoAMQA3ADUAOQAzADgANwA2ADMAMgAwADcAMQAsACIAQQA\/ACIAOgAiAEUAIgAsACIAQQAiADoAewAiAEEAIgA6AFsAewAiAEEAIgA6AHsAIgBBAD8AIgA6ACIAQQAiACwAIgBBACIAOgAiAEUAbgAgAGwAYQAgAEUAQgBFACAAYQBwAHIAZQBuAGQAZQByAOEAcwAgAHAAbwByAHEAdQBlACAAdAB1ACAAZQBzAHAAYQBsAGQAYQAgAGUAcwB0AGEAIABzAHUAZgByAGkAZQBuAGQAbwAsACAAIABxAHUAZQAgAGQAZQBiAGUAcwAgAGgAYQBjAGUAcgAgAHAAYQByAGEAIAByAGUAYwB1AHAAZQByAGEAcgB0AGUAIAB5ACAAbABvACAAbQDhAHMAIABpAG0AcABvAHIAdABhAG4AdABlACAAYwBvAG0AbwAgAHMAZQBnAHUAaQByACAAZABlACAAYQBxAHUA7QAgAGUAbgAgAGEAZABlAGwAYQBuAHQAZQAgAHAAYQByAGEAIABtAGEAbgBlAGoAYQByACAAYwBvAHIAcgBlAGMAdABhAG0AZQBuAHQAZQAgAGwAYQAgAHMAYQBsAHUAZAAgAGQAZQAgAHQAdQAgAGUAcwBwAGEAbABkAGEAIABhACAAbABhAHIAZwBvACAAdABlAHIAbQBpAG4AbwAuACIAfQAsACIAQgAiADoAewAiAEEAIgA6ACIAWQBBAEYAYwBmAGgAZABPAG8ARwBrACwAMAAiACwAIgBaACIAOgAiAHQAcgBhAG4AcwBwAGEAcgBlAG4AdAAiACwAIgBJACIAOgAiADEALgAyACIALAAiAEEAPwAiADoAIgBCAF8AIgB9AH0ALAB7ACIAQQAiADoAewAiAEEAPwAiADoAIgBBACIALAAiAEEAIgA6ACIAXABuAFwAbgAiAH0ALAAiAEMAIgA6AHsAIgBBACIAOgB0AHIAdQBlACwAIgBaACIAOgB0AHIAdQBlACwAIgBBAD8AIgA6ACIAQgBfACIAfQB9ACwAewAiAEEAIgA6AHsAIgBBAD8AIgA6ACIAQQAiACwAIgBBACIAOgAiABwgTABvACAAbQBpAHMAbQBvACAAcABhAHIAYQAgAHQAbwBkAG8AcwAgAG4AbwAgAHMAaQByAHYAZQAsACAAYwBhAGQAYQAgAHAAZQByAHMAbwBuAGEAIAB0AGkAZQBuAGUAIABxAHUAZQAgAHMAYQBiAGUAcgAgAGMAbwBtAG8AIABtAGEAbgBlAGoAYQByACAAcwB1ACAAYwBhAHMAbwAgAGUAbgAgAHAAYQByAHQAaQBjAHUAbABhAHIAHSAuACIAfQAsACIAQgAiADoAewAiAEEAIgA6ACIAWQBBAEYAYwBmAGgAZABPAG8ARwBrACwAMAAiACwAIgBaACIAOgAiAHQAcgBhAG4AcwBwAGEAcgBlAG4AdAAiACwAIgBBAD8AIgA6ACIAQgBfACIAfQB9ACwAewAiAEEAIgA6AHsAIgBBAD8AIgA6ACIAQQAiACwAIgBBACIAOgAiAFwAbgAiAH0ALAAiAEMAIgA6AHsAIgBBACIAOgB0AHIAdQBlACwAIgBaACIAOgB0AHIAdQBlACwAIgBBAD8AIgA6ACIAQgBfACIAfQB9AF0ALAAiAEIAIgA6AHsAIgBBAEEAQQBCAG0AYQBPAHMAcABsAGcAVQBMADEAagB2AEoASABIAE8AdgBRACIAOgB7ACIAQgAiADoAMwAwADYAfQB9AH0AfQA=\"><\/span><\/p>\n<div>\n<p><span>A l\u2019EBE aprendr\u00e0s per qu\u00e8 la teva esquena est\u00e0 patint, qu\u00e8 has de fer per recuperar-te i, el m\u00e9s important, com continuar a partir d\u2019ara per gestionar correctament la salut de la teva esquena a llarg termini.<\/span><\/p>\n<\/div>\n<div>\n<blockquote>\n<p><span>El mateix no serveix per a tothom; cada persona ha de saber com gestionar el seu cas en particular.<\/span><\/p>\n<\/blockquote>\n<\/div>\n<\/div>\n<p>[\/et_pb_text][\/et_pb_column][\/et_pb_row][et_pb_row _builder_version=&#8221;4.27.4&#8243; _module_preset=&#8221;default&#8221; custom_margin=&#8221;-44px|auto||auto||&#8221; global_colors_info=&#8221;{}&#8221;][et_pb_column type=&#8221;4_4&#8243; _builder_version=&#8221;4.27.4&#8243; _module_preset=&#8221;default&#8221; global_colors_info=&#8221;{}&#8221;][et_pb_button button_text=&#8221;DEMANA CITA AMB NOSALTRES&#8221; button_alignment=&#8221;center&#8221; _builder_version=&#8221;4.27.4&#8243; _module_preset=&#8221;default&#8221; custom_button=&#8221;on&#8221; button_text_size=&#8221;20px&#8221; button_text_color=&#8221;#3276B8&#8243; button_bg_color=&#8221;#FFFFFF&#8221; button_border_width=&#8221;0px&#8221; button_border_radius=&#8221;35px&#8221; button_font=&#8221;|600||on|||||&#8221; global_colors_info=&#8221;{}&#8221;][\/et_pb_button][\/et_pb_column][\/et_pb_row][\/et_pb_section]<\/p>\n","protected":false},"excerpt":{"rendered":"<p>La nostra filosofiaPerqu\u00e8 cada esquena \u00e9s \u00fanica, i cada recuperaci\u00f3 tamb\u00e9. L\u2019EBE \u00e9s una instituci\u00f3 que es dedica al disseny de programes d\u2019exercici per a patologies de l\u2019esquena i al maneig dels s\u00edndromes mec\u00e0nics del raquis (SMR), a m\u00e9s d\u2019altres patologies associades. Els programes de l\u2019Escola Balear de l\u2019Esquena estan en constant evoluci\u00f3 i s\u2019adapten [&hellip;]<\/p>\n","protected":false},"author":1,"featured_media":502,"parent":0,"menu_order":0,"comment_status":"closed","ping_status":"closed","template":"","meta":{"_et_pb_use_builder":"on","_et_pb_old_content":"","_et_gb_content_width":"","footnotes":""},"class_list":["post-503","page","type-page","status-publish","has-post-thumbnail","hentry"],"aioseo_notices":[],"_links":{"self":[{"href":"https:\/\/escuelabaleardelaespalda.es\/ca\/wp-json\/wp\/v2\/pages\/503","targetHints":{"allow":["GET"]}}],"collection":[{"href":"https:\/\/escuelabaleardelaespalda.es\/ca\/wp-json\/wp\/v2\/pages"}],"about":[{"href":"https:\/\/escuelabaleardelaespalda.es\/ca\/wp-json\/wp\/v2\/types\/page"}],"author":[{"embeddable":true,"href":"https:\/\/escuelabaleardelaespalda.es\/ca\/wp-json\/wp\/v2\/users\/1"}],"replies":[{"embeddable":true,"href":"https:\/\/escuelabaleardelaespalda.es\/ca\/wp-json\/wp\/v2\/comments?post=503"}],"version-history":[{"count":2,"href":"https:\/\/escuelabaleardelaespalda.es\/ca\/wp-json\/wp\/v2\/pages\/503\/revisions"}],"predecessor-version":[{"id":505,"href":"https:\/\/escuelabaleardelaespalda.es\/ca\/wp-json\/wp\/v2\/pages\/503\/revisions\/505"}],"wp:featuredmedia":[{"embeddable":true,"href":"https:\/\/escuelabaleardelaespalda.es\/ca\/wp-json\/wp\/v2\/media\/502"}],"wp:attachment":[{"href":"https:\/\/escuelabaleardelaespalda.es\/ca\/wp-json\/wp\/v2\/media?parent=503"}],"curies":[{"name":"wp","href":"https:\/\/api.w.org\/{rel}","templated":true}]}}