{"id":522,"date":"2025-09-02T10:36:51","date_gmt":"2025-09-02T08:36:51","guid":{"rendered":"https:\/\/escuelabaleardelaespalda.es\/serveis\/"},"modified":"2026-02-23T14:25:42","modified_gmt":"2026-02-23T12:25:42","slug":"serveis","status":"publish","type":"page","link":"https:\/\/escuelabaleardelaespalda.es\/ca\/serveis\/","title":{"rendered":"SERVEIS"},"content":{"rendered":"<p>[et_pb_section fb_built=&#8221;1&#8243; _builder_version=&#8221;4.27.4&#8243; _module_preset=&#8221;default&#8221; background_color=&#8221;#3276B8&#8243; custom_padding=&#8221;||10px|||&#8221; global_colors_info=&#8221;{}&#8221;][et_pb_row _builder_version=&#8221;4.27.4&#8243; _module_preset=&#8221;default&#8221; custom_margin=&#8221;-17px|auto||auto||&#8221; global_colors_info=&#8221;{}&#8221;][et_pb_column type=&#8221;4_4&#8243; _builder_version=&#8221;4.27.4&#8243; _module_preset=&#8221;default&#8221; global_colors_info=&#8221;{}&#8221;][et_pb_text _builder_version=&#8221;4.27.5&#8243; _module_preset=&#8221;default&#8221; header_font=&#8221;|600||on|||||&#8221; header_text_color=&#8221;#FFFFFF&#8221; header_font_size=&#8221;55px&#8221; custom_padding=&#8221;||9px|||&#8221; hover_enabled=&#8221;0&#8243; global_colors_info=&#8221;{}&#8221; sticky_enabled=&#8221;0&#8243;]<\/p>\n<h1> Els nostres serveis<\/h1>\n<p>[\/et_pb_text][et_pb_text _builder_version=&#8221;4.27.4&#8243; _module_preset=&#8221;default&#8221; text_font=&#8221;||on||||||&#8221; text_text_color=&#8221;#FFFFFF&#8221; text_font_size=&#8221;18px&#8221; custom_margin=&#8221;-37px|||||&#8221; global_colors_info=&#8221;{}&#8221;]<\/p>\n<p>Programes personalitzats per cuidar la teva esquena en cada etapa de la teva recuperaci\u00f3.<\/p>\n<p>[\/et_pb_text][\/et_pb_column][\/et_pb_row][et_pb_row _builder_version=&#8221;4.27.4&#8243; _module_preset=&#8221;default&#8221; global_colors_info=&#8221;{}&#8221;][et_pb_column type=&#8221;4_4&#8243; _builder_version=&#8221;4.27.4&#8243; _module_preset=&#8221;default&#8221; global_colors_info=&#8221;{}&#8221;][et_pb_button button_url=&#8221;https:\/\/escuelabaleardelaespalda.es\/ca\/contacte\/&#8221; url_new_window=&#8221;on&#8221; button_text=&#8221;Reserva cita pr\u00e8via&#8221; button_alignment=&#8221;left&#8221; _builder_version=&#8221;4.27.4&#8243; _module_preset=&#8221;default&#8221; custom_button=&#8221;on&#8221; button_text_size=&#8221;20px&#8221; button_text_color=&#8221;#3276B8&#8243; button_bg_color=&#8221;#FFFFFF&#8221; button_border_width=&#8221;0px&#8221; button_border_radius=&#8221;35px&#8221; button_font=&#8221;|600||on|||||&#8221; button_icon=&#8221;&#x35;||divi||400&#8243; custom_margin=&#8221;-23px|||||&#8221; global_colors_info=&#8221;{}&#8221;][\/et_pb_button][\/et_pb_column][\/et_pb_row][\/et_pb_section][et_pb_section fb_built=&#8221;1&#8243; next_background_color=&#8221;#3276B8&#8243; _builder_version=&#8221;4.27.4&#8243; _module_preset=&#8221;default&#8221; custom_padding=&#8221;0px||75px|||&#8221; bottom_divider_style=&#8221;mountains2&#8243; bottom_divider_height=&#8221;40px&#8221; global_colors_info=&#8221;{}&#8221;][et_pb_row column_structure=&#8221;1_4,3_4&#8243; _builder_version=&#8221;4.27.4&#8243; _module_preset=&#8221;default&#8221; max_width=&#8221;none&#8221; custom_padding=&#8221;64px|||||&#8221; global_colors_info=&#8221;{}&#8221;][et_pb_column type=&#8221;1_4&#8243; _builder_version=&#8221;4.27.4&#8243; _module_preset=&#8221;default&#8221; global_colors_info=&#8221;{}&#8221;][et_pb_icon font_icon=&#8221;&#xe066;||divi||400&#8243; align=&#8221;right&#8221; align_tablet=&#8221;right&#8221; align_phone=&#8221;left&#8221; align_last_edited=&#8221;on|phone&#8221; _builder_version=&#8221;4.27.4&#8243; _module_preset=&#8221;default&#8221; global_colors_info=&#8221;{}&#8221;][\/et_pb_icon][\/et_pb_column][et_pb_column type=&#8221;3_4&#8243; _builder_version=&#8221;4.27.4&#8243; _module_preset=&#8221;default&#8221; global_colors_info=&#8221;{}&#8221;][et_pb_text _builder_version=&#8221;4.27.5&#8243; _module_preset=&#8221;default&#8221; text_font=&#8221;|700||on|||||&#8221; text_text_color=&#8221;#3276B8&#8243; text_font_size=&#8221;34px&#8221; header_3_font=&#8221;|700|||||||&#8221; header_3_text_align=&#8221;left&#8221; header_3_text_color=&#8221;#3276B8&#8243; text_orientation=&#8221;center&#8221; custom_margin=&#8221;28px||22px|||&#8221; hover_enabled=&#8221;0&#8243; global_colors_info=&#8221;{}&#8221; header_2_text_align=&#8221;left&#8221; header_2_text_color=&#8221;#3276B8&#8243; sticky_enabled=&#8221;0&#8243;]<\/p>\n<h2>Entrevista inicial<\/h2>\n<p>[\/et_pb_text][et_pb_text _builder_version=&#8221;4.27.4&#8243; _module_preset=&#8221;default&#8221; text_text_color=&#8221;#2A2927&#8243; global_colors_info=&#8221;{}&#8221;]<\/p>\n<p><span>El motiu de l\u2019entrevista \u00e9s que els pacients puguin exposar el seu cas en tota la seva dimensi\u00f3, valorar si els serveis que pot oferir-los l\u2019Escola Balear de l\u2019Esquena s\u00f3n adequats per al seu cas i tenir una estimaci\u00f3 de les expectatives que es poden tenir en relaci\u00f3 amb la seva recuperaci\u00f3. <\/span><\/p>\n<p><span>Determinar si es disposa de totes les proves diagn\u00f2stiques complement\u00e0ries per poder garantir l\u2019aptitud per iniciar un programa d\u2019exercici.<\/span><\/p>\n<p>[\/et_pb_text][\/et_pb_column][\/et_pb_row][et_pb_row column_structure=&#8221;1_4,3_4&#8243; _builder_version=&#8221;4.27.4&#8243; _module_preset=&#8221;default&#8221; max_width=&#8221;none&#8221; global_colors_info=&#8221;{}&#8221;][et_pb_column type=&#8221;1_4&#8243; _builder_version=&#8221;4.27.4&#8243; _module_preset=&#8221;default&#8221; global_colors_info=&#8221;{}&#8221;][et_pb_icon font_icon=&#8221;&#xf516;||fa||900&#8243; align=&#8221;right&#8221; _builder_version=&#8221;4.27.4&#8243; _module_preset=&#8221;default&#8221; global_colors_info=&#8221;{}&#8221;][\/et_pb_icon][\/et_pb_column][et_pb_column type=&#8221;3_4&#8243; _builder_version=&#8221;4.27.4&#8243; _module_preset=&#8221;default&#8221; global_colors_info=&#8221;{}&#8221;][et_pb_text _builder_version=&#8221;4.27.5&#8243; _module_preset=&#8221;default&#8221; text_font=&#8221;|700||on|||||&#8221; text_text_color=&#8221;#3276B8&#8243; text_font_size=&#8221;34px&#8221; header_3_font=&#8221;|700|||||||&#8221; header_3_text_align=&#8221;left&#8221; header_3_text_color=&#8221;#3276B8&#8243; text_orientation=&#8221;center&#8221; custom_margin=&#8221;28px||22px|||&#8221; hover_enabled=&#8221;0&#8243; global_colors_info=&#8221;{}&#8221; header_2_text_align=&#8221;left&#8221; header_2_text_color=&#8221;#3276B8&#8243; sticky_enabled=&#8221;0&#8243;]<\/p>\n<h2>Valoraci\u00f3 profesional<\/h2>\n<p>[\/et_pb_text][et_pb_text quote_border_color=&#8221;#3276B8&#8243; _builder_version=&#8221;4.27.4&#8243; _module_preset=&#8221;default&#8221; text_text_color=&#8221;#2A2927&#8243; quote_text_color=&#8221;#2A2927&#8243; global_colors_info=&#8221;{}&#8221;]<\/p>\n<div>\n<p><span>La valoraci\u00f3 es fonamenta en tres pilars fonamentals:<\/span><span><\/span><\/p>\n<\/div>\n<div>\n<blockquote>\n<p><span><strong>Anamnesi: Registre estructurat de tota la informaci\u00f3 necess\u00e0ria per aplicar un programa d\u2019exercici de manera segura, sense donar lloc a confusions o dobles interpretacions que posin en risc la salut dels pacients.<\/strong><\/span><span><\/span><\/p>\n<\/blockquote>\n<\/div>\n<div>\n<blockquote>\n<p><span>Avaluaci\u00f3 biomec\u00e0nica: Determinaci\u00f3 de les caracter\u00edstiques de l\u2019adaptaci\u00f3 motriu que ha fet el cos per poder-se adaptar a la nova realitat.<\/span><span><\/span><\/p>\n<\/blockquote>\n<\/div>\n<div>\n<blockquote>\n<p><span>Disseny del programa d\u2019exercici: Contrastant les informacions anteriors es crea un model de treball \u00fanic per a cadascun dels nostres pacients que s\u2019ajusti de la millor manera possible a les caracter\u00edstiques particulars de cada pacient.<\/span><\/p>\n<\/blockquote>\n<\/div>\n<p>[\/et_pb_text][\/et_pb_column][\/et_pb_row][et_pb_row _builder_version=&#8221;4.27.4&#8243; _module_preset=&#8221;default&#8221; global_colors_info=&#8221;{}&#8221;][et_pb_column type=&#8221;4_4&#8243; _builder_version=&#8221;4.27.4&#8243; _module_preset=&#8221;default&#8221; global_colors_info=&#8221;{}&#8221;][et_pb_button button_url=&#8221;https:\/\/api.whatsapp.com\/send\/?phone=34672781294&amp;text&amp;type=phone_number&amp;app_absent=0&#8243; url_new_window=&#8221;on&#8221; button_text=&#8221;Vull una entrevista i una valoraci\u00f3 professional&#8221; button_alignment=&#8221;center&#8221; _builder_version=&#8221;4.27.5&#8243; _module_preset=&#8221;default&#8221; custom_button=&#8221;on&#8221; button_text_size=&#8221;20px&#8221; button_text_color=&#8221;#FFFFFF&#8221; button_bg_color=&#8221;#3276B8&#8243; button_border_width=&#8221;0px&#8221; button_border_radius=&#8221;30px&#8221; button_font=&#8221;|||on|||||&#8221; hover_enabled=&#8221;0&#8243; global_colors_info=&#8221;{}&#8221; sticky_enabled=&#8221;0&#8243;][\/et_pb_button][\/et_pb_column][\/et_pb_row][\/et_pb_section][et_pb_section fb_built=&#8221;1&#8243; _builder_version=&#8221;4.27.4&#8243; _module_preset=&#8221;default&#8221; background_color=&#8221;#3276B8&#8243; custom_padding=&#8221;1px|||||&#8221; global_colors_info=&#8221;{}&#8221;][et_pb_row _builder_version=&#8221;4.27.4&#8243; _module_preset=&#8221;default&#8221; custom_margin=&#8221;35px|auto||auto||&#8221; global_colors_info=&#8221;{}&#8221;][et_pb_column type=&#8221;4_4&#8243; _builder_version=&#8221;4.27.4&#8243; _module_preset=&#8221;default&#8221; global_colors_info=&#8221;{}&#8221;][et_pb_text _builder_version=&#8221;4.27.5&#8243; _module_preset=&#8221;default&#8221; text_font=&#8221;|700||on|||||&#8221; text_text_color=&#8221;#FFFFFF&#8221; text_font_size=&#8221;34px&#8221; text_orientation=&#8221;center&#8221; hover_enabled=&#8221;0&#8243; global_colors_info=&#8221;{}&#8221; header_2_text_color=&#8221;#FFFFFF&#8221; sticky_enabled=&#8221;0&#8243;]<\/p>\n<h2>Les nostres sessions<\/h2>\n<p>[\/et_pb_text][\/et_pb_column][\/et_pb_row][et_pb_row column_structure=&#8221;1_2,1_2&#8243; _builder_version=&#8221;4.27.4&#8243; _module_preset=&#8221;default&#8221; max_width=&#8221;1999px&#8221; custom_margin=&#8221;16px|auto||auto||&#8221; custom_padding=&#8221;0px||0px|||&#8221; global_colors_info=&#8221;{}&#8221;][et_pb_column type=&#8221;1_2&#8243; _builder_version=&#8221;4.27.4&#8243; _module_preset=&#8221;default&#8221; global_colors_info=&#8221;{}&#8221;][et_pb_blurb title=&#8221;SESSIONS INDIVIDUALS&#8221; use_icon=&#8221;on&#8221; font_icon=&#8221;&#xf007;||fa||900&#8243; icon_color=&#8221;#FFFFFF&#8221; _builder_version=&#8221;4.27.5&#8243; _module_preset=&#8221;default&#8221; header_text_color=&#8221;#FFFFFF&#8221; body_text_color=&#8221;#FFFFFF&#8221; text_orientation=&#8221;center&#8221; min_height=&#8221;472.8px&#8221; custom_margin=&#8221;||18px|||&#8221; custom_padding=&#8221;67px||67px||true|false&#8221; hover_enabled=&#8221;0&#8243; border_radii=&#8221;on|66px|66px|66px|66px&#8221; border_color_all=&#8221;#FFFFFF&#8221; global_colors_info=&#8221;{}&#8221; sticky_enabled=&#8221;0&#8243;]<\/p>\n<p><span>Dissenyades especialment perqu\u00e8 els pacients puguin entendre les caracter\u00edstiques particulars del seu cas, saber quins continguts han de treballar per evolucionar adequadament i aprendre correctament els exercicis que han d\u2019aplicar per desenvolupar-los.<\/span><\/p>\n<p>[\/et_pb_blurb][\/et_pb_column][et_pb_column type=&#8221;1_2&#8243; _builder_version=&#8221;4.27.4&#8243; _module_preset=&#8221;default&#8221; global_colors_info=&#8221;{}&#8221;][et_pb_blurb title=&#8221;SESSIONS GRUPALS&#8221; use_icon=&#8221;on&#8221; font_icon=&#8221;&#xf0c0;||fa||900&#8243; icon_color=&#8221;#FFFFFF&#8221; _builder_version=&#8221;4.27.4&#8243; _module_preset=&#8221;default&#8221; header_text_color=&#8221;#FFFFFF&#8221; body_text_color=&#8221;#FFFFFF&#8221; text_orientation=&#8221;center&#8221; min_height=&#8221;472.4px&#8221; custom_padding=&#8221;67px||67px||true|false&#8221; border_radii=&#8221;on|66px|66px|66px|66px&#8221; border_color_all=&#8221;#FFFFFF&#8221; global_colors_info=&#8221;{}&#8221;]<\/p>\n<p><span><strong>Dissenyades perqu\u00e8 els pacients puguin entendre com el seu cos evoluciona mitjan\u00e7ant l\u2019exercici, com executar els exercicis i modificar-los perqu\u00e8 s\u2019adaptin a les seves necessitats i als seus s\u00edmptomes, a m\u00e9s de poder extrapolar tots aquests aprenentatges a la seva activitat quotidiana.<\/strong> Tot aix\u00f2 en un entorn agradable i relaxat, on empatitzar amb companys que es troben en situacions semblants.<\/span><\/p>\n<p>[\/et_pb_blurb][\/et_pb_column][\/et_pb_row][et_pb_row _builder_version=&#8221;4.27.4&#8243; _module_preset=&#8221;default&#8221; custom_margin=&#8221;-51px|auto||auto||&#8221; global_colors_info=&#8221;{}&#8221;][et_pb_column type=&#8221;4_4&#8243; _builder_version=&#8221;4.27.4&#8243; _module_preset=&#8221;default&#8221; global_colors_info=&#8221;{}&#8221;][et_pb_button button_url=&#8221;https:\/\/escuelabaleardelaespalda.es\/ca\/contacte\/&#8221; button_text=&#8221;DEMANA LA TEVA CITA&#8221; button_alignment=&#8221;center&#8221; _builder_version=&#8221;4.27.4&#8243; _module_preset=&#8221;default&#8221; custom_button=&#8221;on&#8221; button_text_size=&#8221;20px&#8221; button_text_color=&#8221;#3276B8&#8243; button_bg_color=&#8221;#FFFFFF&#8221; button_border_width=&#8221;0px&#8221; button_border_radius=&#8221;35px&#8221; button_font=&#8221;|600||on|||||&#8221; custom_margin=&#8221;-37px|||||&#8221; global_colors_info=&#8221;{}&#8221;][\/et_pb_button][\/et_pb_column][\/et_pb_row][\/et_pb_section]<\/p>\n","protected":false},"excerpt":{"rendered":"<p>Els nostres serveisProgrames personalitzats per cuidar la teva esquena en cada etapa de la teva recuperaci\u00f3.Entrevista inicialEl motiu de l\u2019entrevista \u00e9s que els pacients puguin exposar el seu cas en tota la seva dimensi\u00f3, valorar si els serveis que pot oferir-los l\u2019Escola Balear de l\u2019Esquena s\u00f3n adequats per al seu cas i tenir una estimaci\u00f3 [&hellip;]<\/p>\n","protected":false},"author":1,"featured_media":518,"parent":0,"menu_order":0,"comment_status":"closed","ping_status":"closed","template":"","meta":{"_et_pb_use_builder":"on","_et_pb_old_content":"","_et_gb_content_width":"","footnotes":""},"class_list":["post-522","page","type-page","status-publish","has-post-thumbnail","hentry"],"aioseo_notices":[],"_links":{"self":[{"href":"https:\/\/escuelabaleardelaespalda.es\/ca\/wp-json\/wp\/v2\/pages\/522","targetHints":{"allow":["GET"]}}],"collection":[{"href":"https:\/\/escuelabaleardelaespalda.es\/ca\/wp-json\/wp\/v2\/pages"}],"about":[{"href":"https:\/\/escuelabaleardelaespalda.es\/ca\/wp-json\/wp\/v2\/types\/page"}],"author":[{"embeddable":true,"href":"https:\/\/escuelabaleardelaespalda.es\/ca\/wp-json\/wp\/v2\/users\/1"}],"replies":[{"embeddable":true,"href":"https:\/\/escuelabaleardelaespalda.es\/ca\/wp-json\/wp\/v2\/comments?post=522"}],"version-history":[{"count":2,"href":"https:\/\/escuelabaleardelaespalda.es\/ca\/wp-json\/wp\/v2\/pages\/522\/revisions"}],"predecessor-version":[{"id":524,"href":"https:\/\/escuelabaleardelaespalda.es\/ca\/wp-json\/wp\/v2\/pages\/522\/revisions\/524"}],"wp:featuredmedia":[{"embeddable":true,"href":"https:\/\/escuelabaleardelaespalda.es\/ca\/wp-json\/wp\/v2\/media\/518"}],"wp:attachment":[{"href":"https:\/\/escuelabaleardelaespalda.es\/ca\/wp-json\/wp\/v2\/media?parent=522"}],"curies":[{"name":"wp","href":"https:\/\/api.w.org\/{rel}","templated":true}]}}